{"id":187,"date":"2015-03-19T19:56:17","date_gmt":"2015-03-19T19:56:17","guid":{"rendered":"http:\/\/sliwaguitars.com\/en\/?page_id=187"},"modified":"2016-10-17T15:49:41","modified_gmt":"2016-10-17T15:49:41","slug":"choice","status":"publish","type":"page","link":"https:\/\/sliwaguitars.com\/en\/choice\/","title":{"rendered":"Choice"},"content":{"rendered":"<h2 class='introduction center'>Why<\/h2>\n<h1 class='text_title_section center'>Made-to-measure guitar<\/h1>\n<div class='section_divider'><\/div><!-- end section_divider -->\n\n<p>Tak wiele och\u00f3w i ach\u00f3w pada pod adresem customowych modeli kultowych marek gitarowych. C\u00f3\u017c to zatem jest customowy instrument? Jak sama nazwa wskazuje \u2013 szyty na miar\u0119. Customowy instrument zosta\u0142 stworzony dla kogo\u015b, kto dok\u0142adnie okre\u015bli\u0142 swoje preferencje. Ile\u017c wi\u0119c trzeba ogra\u0107 instrument\u00f3w, \u017ceby wiedzie\u0107, co jest w\u0142a\u015bnie dla nas? Ja tkwi\u0119 w tym tyglu poszukiwa\u0144 ju\u017c 35 lat. M\u00f3j custom? Widz\u0119 ju\u017c na horyzoncie.<\/p>\n<p class='fancy'><span>Dlaczego lepszym rozwi\u0105zaniem mia\u0142oby by\u0107 zam\u00f3wienie instrumentu, a nie kupno gotowego?<\/span><\/p>\n\n<p class='fancy_one'><span>1<\/span><\/p>\n\n<p>Klient otrzymuje gitar\u0119, kt\u00f3ra spe\u0142nia potrzeby i oczekiwania w ka\u017cdym aspekcie.<\/p>\n<p class='fancy_one'><span>2<\/span><\/p>\n\n<p>Klient ma wsp\u00f3\u0142udzia\u0142 w tworzeniu instrumentu zar\u00f3wno w kwestiach estetyki, jak r\u00f3wnie\u017c selekcji materia\u0142\u00f3w, w\u0142\u0105cznie z drewnem, czego nie oferuje \u017cadna fabryka (nawet w przypadku instrument\u00f3w customowych). \u00a0Brzmienie danego egzemplarza mo\u017ce by\u0107 kreowane przez wiele aspekt\u00f3w \u2013 nie tylko wielko\u015b\u0107 pud\u0142a i rodzaj drewna, ale i grubo\u015b\u0107 p\u0142yty rezonansowej, ty\u0142u i boczk\u00f3w, rodzaj o\u017cebrowania, rodzaj usztywnienia szyjki itd. Najbardziej do\u015bwiadczeni lutnicy potwierdz\u0105 , jak cz\u0119sto zdarza si\u0119, \u017ce kawa\u0142ki drewna nawet z tej samej k\u0142ody potrafi\u0105 inaczej zabrzmie\u0107 w instrumencie. Drewno bywa zaskakuj\u0105ce.<\/p>\n<p class='fancy_one'><span>3<\/span><\/p>\n\n<p>S\u0105 elementy, kt\u00f3rych nie spos\u00f3b za\u017cyczy\u0107 sobie w seryjnie produkowanym instrumencie, takie jak podci\u0119cie na d\u0142o\u0144 (semi cutaway \u2013 alternatywa cutawaya), spocznik ramienia (arm bevel), dodatkowy otw\u00f3r rezonansowy (sound port) w gitarach akustycznych, a usztywniacze szyjki z w\u0142\u00f3kna w\u0119glowego, inkrustacje, wydr\u0105\u017cenia w deskach w celu obni\u017cenia wagi itp. r\u00f3wnie\u017c w pozosta\u0142ych instrumentach.<\/p>\n<p class='fancy_one'><span>4<\/span><\/p>\n\n<p>Komfortowy gryf. Zar\u00f3wno promie\u0144 podstrunnicy jak i grubo\u015b\u0107 i szeroko\u015b\u0107 szyjki, rozmiar prog\u00f3w czy menzura mog\u0105 by\u0107 indywidualnie dobrane do upodoba\u0144.<\/p>\n<p class='fancy_one'><span>5<\/span><\/p>\n\n<p>Jest dyshonorem dla lutnika je\u015bli odbierany instrument pobrz\u0119kuje na progach lub co gorsza nie stroi, co niestety zdarza si\u0119 w masowej produkcji.<\/p>\n<p class='fancy_one'><span>6<\/span><\/p>\n\n<p>U\u017cyte podzespo\u0142y s\u0105 sprawdzonej i gwarantowanej jako\u015bci.<\/p>\n<p>&nbsp;<\/p>\n<h2 class='introduction center'>Zanim zam\u00f3wisz gitar\u0119 szyt\u0105 na miar\u0119<\/h2>\n<h1 class='text_title_section center'>Odpowiedz sobie na 3 pytania<\/h1>\n<div class='section_divider'><\/div><!-- end section_divider -->\n\n<p>Je\u015bli marzysz o instrumencie, kt\u00f3ry mia\u0142by da\u0107 Ci unikalno\u015b\u0107 w brzmieniu, wygl\u0105dzie, kombinacji rozwi\u0105za\u0144 nie do odnalezienia w seryjnym egzemplarzu, powiniene\u015b zada\u0107 sobie 3 pytania.<\/p>\n<p>\n<div class='accordion' id='accordion-25575'>\n<div class='accordion-group'>\n\t<a class='accordion-toggle' data-toggle='collapse' data-parent='accordion-25575' href='#item-40256'>\n\t\t<div class='accordion-heading accordionize'>\n\t\t\t<div class='tittle_toggle'>Jakiego rodzaju brzmienia poszukujesz?<\/div>\n\t\t\t<i class='indicator_area fa fa-plus arrow_togle'><\/i>\n\t\t<\/div><!-- end accordion-heading accordionize -->\n\t<\/a>\n\t<div id='item-40256' class='accordion-body collapse'>\n\t\t<div class='accordion-inner'>Tak naprawd\u0119 jest to pytanie o gatunek muzyki, kt\u00f3r\u0105 chcesz wykonywa\u0107, o przystawki, jakich do tej pory u\u017cywa\u0142e\u015b (sprawi\u0142y dobre czy z\u0142e wra\u017cenie?), o artyst\u00f3w b\u0119d\u0105cych dla Ciebie inspiracj\u0105 a\u017c w ko\u0144cu o to, jakie po\u0142\u0105czenia drewna nale\u017c\u0105 do Twoich ulubionych.<\/div>\n\t\t<div class='vintage_bottom'><\/div>\n\t<\/div>\n<\/div>\n<div class='accordion-group'>\n\t<a class='accordion-toggle' data-toggle='collapse' data-parent='accordion-25575' href='#item-17979'>\n\t\t<div class='accordion-heading accordionize'>\n\t\t\t<div class='tittle_toggle'>Jaki gryf odpowiada Ci najbardziej?<\/div>\n\t\t\t<i class='indicator_area fa fa-plus arrow_togle'><\/i>\n\t\t<\/div><!-- end accordion-heading accordionize -->\n\t<\/a>\n\t<div id='item-17979' class='accordion-body collapse'>\n\t\t<div class='accordion-inner'>To pytanie o dotychczasowe wra\u017cenia dotycz\u0105ce menzury, grubo\u015bci i kszta\u0142tu szyjki, szeroko\u015bci podstrunnicy, o to, jaki owal podstrunnicy by\u0142by najlepszy (mo\u017ce \u0142\u0105czony \u2013 inny na pocz\u0105tku, a inny na ko\u0144cu), wreszcie o najbardziej komfortowy rozmiar prog\u00f3w.<\/div>\n\t\t<div class='vintage_bottom'><\/div>\n\t<\/div>\n<\/div>\n<div class='accordion-group'>\n\t<a class='accordion-toggle' data-toggle='collapse' data-parent='accordion-25575' href='#item-80218'>\n\t\t<div class='accordion-heading accordionize'>\n\t\t\t<div class='tittle_toggle'>Jaki wygl\u0105d i rozmiar sprawi Ci najwi\u0119cej zadowolenia?<\/div>\n\t\t\t<i class='indicator_area fa fa-plus arrow_togle'><\/i>\n\t\t<\/div><!-- end accordion-heading accordionize -->\n\t<\/a>\n\t<div id='item-80218' class='accordion-body collapse'>\n\t\t<div class='accordion-inner'>W gitarach akustycznych wielko\u015b\u0107 pud\u0142a ma du\u017cy wp\u0142yw na brzmienie instrumentu. W elektrycznych i basowych zdecydowanie mniejszy. Mo\u017ce lubisz widok s\u0142oj\u00f3w drewna, a mo\u017ce wolisz metaliczny lakier? Dobrze jest wiedzie\u0107 jaki wygl\u0105d ma mie\u0107 osprz\u0119t. Warto te\u017c upewni\u0107 si\u0119 czy pi\u0119knie wygl\u0105daj\u0105cy mostek lub klucze nie s\u0105 z kiepskiej jako\u015bci materia\u0142\u00f3w i nie zawa\u017c\u0105 na utracie brzmienia pieczo\u0142owicie wcze\u015bniej dobranych materia\u0142\u00f3w.<\/div>\n\t\t<div class='vintage_bottom'><\/div>\n\t<\/div>\n<\/div>\n<\/div> <!-- end accordion -->\n<\/p>\n<p>Na te pytania kto\u015b zawsze musi zna\u0107 odpowiedzi. Producenci znajduj\u0105 je bez konsultacji z Tob\u0105, jedynie domy\u015blaj\u0105c si\u0119 Twoich potrzeb. Je\u015bli chcesz i sobie, i mnie u\u0142atwi\u0107 \u017cycie, znaj odpowiedzi przynajmniej na cz\u0119\u015b\u0107 z nich\u00a0zanim zaczniemy wype\u0142nia\u0107 formularz.<\/p>\n<p>&nbsp;<\/p>\n<h2 class='introduction center'>W 5 krokach<\/h2>\n<h1 class='text_title_section center'>Jak zam\u00f3wi\u0107 instrument?<\/h1>\n<div class='section_divider'><\/div><!-- end section_divider -->\n\n<ol>\n<li>Odpowiedzie\u0107 sobie na \u201e<a href=\"http:\/\/sliwaguitars.com\/oferta\/wybor\/\" target=\"_blank\">3 pytania<\/a>\u201d (mo\u017cna dopyta\u0107, najlepiej drog\u0105 mailow\u0105 o te, w kt\u00f3rych s\u0105 w\u0105tpliwo\u015bci)<\/li>\n<li>Dokona\u0107 wyboru na podstawie <a title=\"Cennik\" href=\"http:\/\/sliwaguitars.com\/en\/wp-content\/uploads\/sites\/2\/2015\/03\/Cennik.pdf\" target=\"_blank\">Cennika<\/a>\u00a0i ustali\u0107 termin realizacji<\/li>\n<li>Wp\u0142aci\u0107 bezzwrotn\u0105 zaliczk\u0119 w wysoko\u015bci\u00a01500 PLN<\/li>\n<li>Dostarczy\u0107 materia\u0142y w\u0142asne, kt\u00f3re mia\u0142yby by\u0107 u\u017cyte<\/li>\n<li>Uzbroi\u0107 si\u0119 w cierpliwo\u015b\u0107<\/li>\n<\/ol>\n<p><div class=\"row\"><div class=\"col-xs-12 col-sm-4\"><\/div><div class=\"col-xs-12 col-sm-4\"><\/p>\n<div class='move_top wow fadeInDown animated'>\n<a  href='http:\/\/sliwaguitars.com\/en\/wp-content\/uploads\/sites\/2\/2015\/03\/Cennik.pdf' class='cont_last_works cont_team'>\n<div class='team_single'>\n<div class='image'>\n<img src='http:\/\/sliwaguitars.com\/en\/wp-content\/uploads\/sites\/2\/2015\/03\/kolko-formularz.jpg' alt='' title=''>\n<\/div>\n<\/div>\n<div class='tit_team wow fadeInDown'>\nDokonaj wyboru na podstawie cennika<\/div>\n<p class='cont_team'><\/p>\n<\/a>\n<\/div>\n\n<p><\/div><div class=\"col-xs-12 col-sm-4\"><\/div><div class=\"clearboth\"><\/div><\/div><\/p>\n","protected":false},"excerpt":{"rendered":"<p>Tak wiele och\u00f3w i ach\u00f3w pada pod adresem customowych modeli kultowych marek gitarowych. C\u00f3\u017c to zatem jest customowy instrument? Jak sama nazwa wskazuje \u2013 szyty na miar\u0119. Customowy instrument zosta\u0142 stworzony dla kogo\u015b, kto dok\u0142adnie okre\u015bli\u0142 swoje preferencje. Ile\u017c wi\u0119c trzeba ogra\u0107 instrument\u00f3w, \u017ceby wiedzie\u0107, co jest w\u0142a\u015bnie dla nas? Ja tkwi\u0119 w tym tyglu [&hellip;]<\/p>\n","protected":false},"author":1,"featured_media":0,"parent":0,"menu_order":0,"comment_status":"open","ping_status":"open","template":"","meta":[],"_links":{"self":[{"href":"https:\/\/sliwaguitars.com\/en\/wp-json\/wp\/v2\/pages\/187"}],"collection":[{"href":"https:\/\/sliwaguitars.com\/en\/wp-json\/wp\/v2\/pages"}],"about":[{"href":"https:\/\/sliwaguitars.com\/en\/wp-json\/wp\/v2\/types\/page"}],"author":[{"embeddable":true,"href":"https:\/\/sliwaguitars.com\/en\/wp-json\/wp\/v2\/users\/1"}],"replies":[{"embeddable":true,"href":"https:\/\/sliwaguitars.com\/en\/wp-json\/wp\/v2\/comments?post=187"}],"version-history":[{"count":9,"href":"https:\/\/sliwaguitars.com\/en\/wp-json\/wp\/v2\/pages\/187\/revisions"}],"predecessor-version":[{"id":302,"href":"https:\/\/sliwaguitars.com\/en\/wp-json\/wp\/v2\/pages\/187\/revisions\/302"}],"wp:attachment":[{"href":"https:\/\/sliwaguitars.com\/en\/wp-json\/wp\/v2\/media?parent=187"}],"curies":[{"name":"wp","href":"https:\/\/api.w.org\/{rel}","templated":true}]}}